{"id":709,"date":"2018-10-16T07:47:27","date_gmt":"2018-10-16T12:47:27","guid":{"rendered":"https:\/\/instatranslations.ca\/?page_id=709"},"modified":"2019-02-21T04:06:16","modified_gmt":"2019-02-21T09:06:16","slug":"faq","status":"publish","type":"page","link":"https:\/\/instatranslations.ca\/fr\/faq\/","title":{"rendered":"FAQ"},"content":{"rendered":"<div class=\"wpb-content-wrapper\"><p>[vc_row equal_height=\u00a0\u00bbyes\u00a0\u00bb content_placement=\u00a0\u00bbtop\u00a0\u00bb][vc_column el_class=\u00a0\u00bbdark_link\u00a0\u00bb]<div class=\"sc_layouts sc_layouts_default sc_layouts_715\">[vc_row][vc_column icons_position=\"left\"][vc_empty_space alter_height=\"huge\" hide_on_mobile=\"\"][vc_row_inner][vc_column_inner icons_position=\"left\"]<div class=\"sc_layouts_item\"><div id=\"sc_title_2107086022\"\n\t\tclass=\"sc_title sc_title_default\"><h3 class=\"sc_item_title sc_title_title sc_align_left sc_item_title_style_default sc_item_title_tag\">FAQ<\/h3><\/div><!-- \/.sc_title --><\/div>[vc_empty_space hide_on_mobile=\"\"][vc_tta_accordion shape=\"round\" spacing=\"5\" c_icon=\"chevron\" active_section=\"1\" no_fill=\"true\"][vc_tta_section title=\"J\u2019ai besoin de traduire RAPIDEMENT un document de l\u2019italien au fran\u00e7ais. Pouvez-vous le faire\u2009?\" tab_id=\"1489160919613-b0f7009c-a3f5\"][vc_column_text]\r\n<p class=\"western\" lang=\"en-CA\"><span style=\"font-family: arial, helvetica, sans-serif; color: #000000;\">Oui, nous fournissons des services de traduction \u00ab\u2009Express\u2009\u00bb et \u00ab\u2009Instant\u2009\u00bb. Notre d\u00e9lai habituel de traduction est de trois jours ouvrables. Visitez notre page d\u2019accueil, puis naviguez \u00e0 la rubrique \u00ab\u2009Nos tarifs\u2009\u00bb pour en savoir plus sur nos forfaits. <\/span><\/p>\r\n[\/vc_column_text][\/vc_tta_section][vc_tta_section title=\"Faites-vous les traductions certifi\u00e9es de l\u2019arabe vers le fran\u00e7ais\u2009?\" tab_id=\"1489160919665-29741178-d2f6\"][vc_column_text]\r\n<p class=\"western\" lang=\"en-CA\"><span style=\"font-family: arial, helvetica, sans-serif; color: #000000;\">Oui, nous offrons des traductions certifi\u00e9es de vos documents personnels \u00e9mis dans plusieurs langues \u00e9trang\u00e8res.* <\/span><\/p>\r\n[\/vc_column_text][\/vc_tta_section][vc_tta_section title=\"Faites-vous les traductions certifi\u00e9es aux fins de demandes de r\u00e9sidence permanente au Canada\u2009?\" tab_id=\"1620741955461-46cb39f0-1ebd\"][vc_column_text]<span style=\"font-family: arial, helvetica, sans-serif; color: #000000;\">Oui, nous d\u00e9livrons les traductions certifi\u00e9es aux fins de demandes de r\u00e9sidence permanente. Nos traductions sont conformes aux renseignements importants transmis par IRCC sur le site <a style=\"color: #000000;\" href=\"https:\/\/www.canada.ca\/fr\/services\/immigration-citoyennete.html\">canada.ca. <\/a>\u00a0<\/span>[\/vc_column_text][\/vc_tta_section][vc_tta_section title=\"Faites-vous les traductions certifi\u00e9es aux fins de demandes de certificat de s\u00e9lection de Qu\u00e9bec (CSQ)?\" tab_id=\"1620747069149-7b7dbfa8-a4d8\"][vc_column_text]<span style=\"font-family: arial, helvetica, sans-serif; color: #000000;\">Oui, nous d\u00e9livrons les traductions certifi\u00e9es aux fins de demandes de certificat de s\u00e9lection de Qu\u00e9bec? Nos traductions sont conformes aux renseignements importants transmis au site du <a style=\"color: #000000;\" href=\"https:\/\/www.immigration-quebec.gouv.qc.ca\/fr\/informations\/exigences-documentaires.html?vi=1\">Gouvernent du Qu\u00e9bec.<\/a><\/span>[\/vc_column_text][\/vc_tta_section][vc_tta_section title=\"Pouvez-vous fournir des traductions notari\u00e9es de l\u2019espagnol vers l\u2019anglais\u2009?\" tab_id=\"1489161034621-39670e10-08be\"][vc_column_text]\r\n<p class=\"western\"><span style=\"color: #000000;\">Oui, nous le faisons. Nous fournissons des traductions notari\u00e9es de vos documents personnels \u00e9mis dans n\u2019importe quelle langue \u00e9trang\u00e8re.* \u00a0<\/span><\/p>\r\n[\/vc_column_text][\/vc_tta_section][vc_tta_section title=\"Quelle est la diff\u00e9rence entre la traduction notari\u00e9e et la traduction certifi\u00e9e\u2009?\" tab_id=\"1539695545729-ead60346-59c1\"][vc_column_text]\r\n<p class=\"western\" lang=\"en-CA\"><span style=\"font-family: arial, helvetica, sans-serif; color: #000000;\">Une traduction notari\u00e9e est une traduction qui comporte un affidavit (ou d\u00e9claration sous serment), sign\u00e9 par un traducteur et un notaire ou un commissaire \u00e0 l\u2019assermentation. La traduction certifi\u00e9e elle s'agit d'une traduction r\u00e9alis\u00e9e par un traducteur agr\u00e9\u00e9, membre d\u2019un ordre ( <a href=\"https:\/\/ottiaq.org\/\">OTTIAQ<\/a> etc.)<\/span><\/p>\r\n[\/vc_column_text][\/vc_tta_section][vc_tta_section title=\"Facturez-vous par mot source ou par page\u2009?\" tab_id=\"1539695951395-b7bd16d4-1a8d\"][vc_column_text]\r\n<p class=\"western\"><span style=\"font-family: arial, helvetica, sans-serif; color: #000000;\">\u00c7a d\u00e9pend. Pour la plupart des types de documents (certificats de naissance, actes de divorce, actes de mariage, etc.), un taux forfaitaire est factur\u00e9. Le prix par mot s\u2019applique aux documents techniques. Pour en savoir plus visitez notre page <a style=\"color: #000000;\" href=\"https:\/\/instatranslations.ca\/fr\/services\/prix\/\"><span style=\"color: #3366ff;\">PRIX COMP\u00c9TITIFS.<\/span>\u00a0<\/a> Pour obtenir une estimation pr\u00e9cise, chargez votre document et faites-le nous parvenir <a href=\"https:\/\/instatranslations.ca\/fr\/order-translation\/\">ici<\/a>.<\/span><\/p>\r\n[\/vc_column_text][\/vc_tta_section][vc_tta_section title=\"Offrez-vous des rabais pour les r\u00e9p\u00e9titions de mots dans un document?\" tab_id=\"1539695956650-84437cdc-0692\"][vc_column_text]\r\n<p class=\"western\"><span style=\"color: #000000; font-family: arial, helvetica, sans-serif;\">Oui, nous offrons des rabais contre les repetitions des mots dans un document.\u00a0<\/span><\/p>\r\n[\/vc_column_text][\/vc_tta_section][vc_tta_section title=\"Comment puis-je payer\u2009?\" tab_id=\"1539696024956-9ea08178-56b9\"][vc_column_text]\r\n<p class=\"western\" lang=\"en-CA\"><span style=\"font-family: arial, helvetica, sans-serif; color: #000000;\">Nous acceptons les paiements par virement Interac, ch\u00e8que, d\u00e9p\u00f4t direct, Mastercard et VISA.<\/span><\/p>\r\n[\/vc_column_text][\/vc_tta_section][vc_tta_section title=\"Prenez-vous un d\u00e9p\u00f4t\/acompte\u2009?\" tab_id=\"1539696070108-7347ac7e-2d28\"][vc_column_text]\r\n<p class=\"western\" lang=\"en-CA\"><span style=\"font-family: arial, helvetica, sans-serif; color: #000000;\">Oui, normalement. Nous demandons un d\u00e9p\u00f4t de 50\u00a0% sur chaque commande. *Certaines conditions s\u2019appliquent.<\/span><\/p>\r\n[\/vc_column_text][\/vc_tta_section][vc_tta_section title=\"Comment puis-je savoir si ma traduction est pr\u00eate \u00e0 \u00eatre r\u00e9cup\u00e9r\u00e9e\u2009?\" tab_id=\"1539696094444-a64dfb8a-f7ff\"][vc_column_text]\r\n<p class=\"western\" lang=\"en-CA\"><span style=\"font-family: arial, helvetica, sans-serif; color: #000000;\">Lorsque la traduction est termin\u00e9e, nous vous envoyons un courriel \u00ab\u2009Commande termin\u00e9e\u2009\u00bb. Pr\u00e9voyez \u00e9galement un appel de notre bureau.<\/span><\/p>\r\n[\/vc_column_text][\/vc_tta_section][vc_tta_section title=\"Un ami peut-il passer chercher ma traduction?\" tab_id=\"1539696120078-923acba3-d881\"][vc_column_text]<span style=\"font-family: arial, helvetica, sans-serif; color: #000000;\">Oui. Pour ce faire, vous devez imm\u00e9diatement\u00a0:<\/span>\r\n<ul>\r\n \t<li><span style=\"font-family: arial, helvetica, sans-serif; color: #000000;\">nous contacter, ET<\/span><\/li>\r\n \t<li><span style=\"font-family: arial, helvetica, sans-serif; color: #000000;\">parler au gestionnaire de projet dans votre dossier, ET<\/span><\/li>\r\n \t<li><span style=\"font-family: arial, helvetica, sans-serif; color: #000000;\">donner le nom de la personne qui viendra chercher votre commande, ET<\/span><\/li>\r\n \t<li><span style=\"font-family: arial, helvetica, sans-serif; color: #000000;\">vous assurer que cette personne apporte une pi\u00e8ce d\u2019identit\u00e9 valide avec photo<\/span><\/li>\r\n<\/ul>\r\n[\/vc_column_text][\/vc_tta_section][vc_tta_section title=\"Combien d\u2019exemplaires d\u2019une traduction vais-je obtenir\u2009?\" tab_id=\"1539696142680-7dcd90a7-9893\"][vc_column_text]\r\n<p class=\"western\" lang=\"en-CA\"><span style=\"font-family: arial, helvetica, sans-serif; color: #000000;\">Vous obtenez une copie originale en choisissant le plan standard, deux en choisissant les plans \u00ab\u2009Instant\u2009\u00bb ou \u00ab\u2009Express\u2009\u00bb.\u00a0 <\/span><\/p>\r\n[\/vc_column_text][\/vc_tta_section][vc_tta_section title=\"J\u2019ai fait traduire mon certificat de mariage du fran\u00e7ais \u00e0 l\u2019anglais il y a 2 ans par votre entreprise. J\u2019ai besoin d\u2019une copie originale suppl\u00e9mentaire. Combien cela me co\u00fbtera-t-il cette fois-ci\u2009?\" tab_id=\"1539696164947-1de1bfb8-3122\"][vc_column_text]\r\n<p class=\"western\" lang=\"en-CA\"><span style=\"font-family: arial, helvetica, sans-serif; color: #000000;\">Vous pouvez commander autant d\u2019exemplaires suppl\u00e9mentaires que vous le souhaitez au prix de 10\u00a0$ par copie. *Certaines <em>conditions s\u2019appliquent.<\/em><\/span><\/p>\r\n[\/vc_column_text][\/vc_tta_section][vc_tta_section title=\"J\u2019ai fait traduire mon permis de conduire de l\u2019arabe au fran\u00e7ais dans mon pays d\u2019origine. Pouvez-vous certifier que la traduction est conforme au document original\u2009?\" tab_id=\"1539696197974-4e1f2854-ce02\"][vc_column_text]\r\n<p class=\"western\" lang=\"en-CA\"><span style=\"font-family: arial, helvetica, sans-serif; color: #000000;\">Non, nous ne certifions pas la validit\u00e9 d\u2019une traduction effectu\u00e9e par une autre agence de traduction. Nous effectuons la traduction de bout en bout, l\u2019imprimons et l\u2019accr\u00e9ditons sur notre papier \u00e0 en-t\u00eate officiel.<\/span><\/p>\r\n[\/vc_column_text][\/vc_tta_section][vc_tta_section title=\"Je n\u2019ai pas le document original. Faites-vous la traduction \u00e0 partir d\u2019une copie du document original\u2009?\" tab_id=\"1539696222486-1ba8f36f-66f4\"][vc_column_text]\r\n<p class=\"western\" lang=\"en-CA\"><span style=\"font-family: arial, helvetica, sans-serif; color: #000000;\">Oui, nous le faisons. Toutefois, la mention suivante est indiqu\u00e9e \u00e0 la fin de la traduction certifi\u00e9e\u00a0: <\/span>\r\n<span style=\"font-family: arial, helvetica, sans-serif; color: #000000;\"><strong><em>Cette traduction est faite \u00e0 partir d\u2019une copie du document original<\/em>.<\/strong>\u00a0\u00a0 <\/span><\/p>\r\n[\/vc_column_text][\/vc_tta_section][vc_tta_section title=\"Mon nom comporte une erreur d\u2019orthographe sur mon certificat de divorce. Pourriez-vous, s\u2019il vous pla\u00eet, \u00e9crire mon nom avec la bonne orthographe sur la traduction\u2009?\" tab_id=\"1539696254967-ac60ff29-42dc\"][vc_column_text]\r\n<p class=\"western\" lang=\"en-CA\"><span style=\"font-family: arial, helvetica, sans-serif; color: #000000;\">Nos traductions sont toujours fid\u00e8les au document original. S\u2019il y a une erreur d\u2019orthographe sur le document original, vous devez communiquer avec l\u2019autorit\u00e9 \u00e9mettrice pour r\u00e9gler votre situation. Nous <span style=\"text-decoration: underline;\">ne pouvons modifier aucun renseignement saisi sur le document original.<\/span>\u00a0 <\/span><\/p>\r\n[\/vc_column_text][\/vc_tta_section][vc_tta_section title=\"J\u2019ai r\u00e9cemment renouvel\u00e9 mon permis de conduire. Tout y est identique, \u00e0 l\u2019exception du num\u00e9ro de s\u00e9rie et de la date d\u2019\u00e9mission qui ont \u00e9t\u00e9 modifi\u00e9s. Puisque vous m\u2019avez remis une traduction de mon ancien certificat de naissance, combien cela va-t-il co\u00fbter cette fois\u2009?\" tab_id=\"1539696279991-caa5e05c-f17c\"][vc_column_text]\r\n<ul>\r\n \t<li><span style=\"font-family: arial, helvetica, sans-serif; color: #000000;\">La date de livraison de traduction est inf\u00e9rieure ou \u00e9gale \u00e0 2\u00a0ans, alors le co\u00fbt est de 50\u00a0% du prix initial.<\/span><\/li>\r\n \t<li><span style=\"font-family: arial, helvetica, sans-serif; color: #000000;\">Les co\u00fbts habituels s\u2019appliquent pour toute autre demande.\r\nContactez notre bureau pour discuter de votre situation.<\/span><\/li>\r\n<\/ul>\r\n[\/vc_column_text][\/vc_tta_section][vc_tta_section title=\"\u00cates-vous reconnu par l\u2019OTTIAQ\u2009?\" tab_id=\"1539696321961-f502e6ed-970e\"][vc_column_text]\r\n<p class=\"western\" lang=\"en-CA\"><span style=\"font-family: arial, helvetica, sans-serif; color: #000000;\">Veuillez consulter la rubrique \u00ab\u2009Traduction certifi\u00e9e \u00e0 Montr\u00e9al\u2009\u00bb pour en savoir plus sur ce sujet.<\/span><\/p>\r\n[\/vc_column_text][\/vc_tta_section][vc_tta_section title=\"J\u2019ai besoin de faire traduire mon document de l\u2019espagnol vers le fran\u00e7ais. Le nombre total de mots est d\u2019environ 10\u2009000 mots. Quels sont votre d\u00e9lai d\u2019ex\u00e9cution et votre prix habituels\u2009?\" tab_id=\"1539696360085-6340082d-27b6\"][vc_column_text]\r\n<p class=\"western\"><span style=\"color: #000000; font-family: arial, helvetica, sans-serif;\">Pour une traduction de l\u2019espagnol au fran\u00e7ais, notre prix standard est de 0,18\u00a0$\/mot source. * La traduction devrait \u00eatre pr\u00eate dans un d\u00e9lai de 4 \u00e0 5\u00a0jours ouvrables.* Certaines conditions s\u2019appliquent. <\/span>\r\n<span style=\"color: #000000; font-family: arial, helvetica, sans-serif;\">Pour obtenir une estimation exacte, veuillez acc\u00e9der \u00e0 la rubrique \u00ab\u2009Demander un devis\u2009\u00bb.<\/span><\/p>\r\n[\/vc_column_text][\/vc_tta_section][vc_tta_section title=\"Faites-vous une transcription multilingue des fichiers audio\u2009?\" tab_id=\"1539696381732-8410022c-a386\"][vc_column_text]\r\n<p class=\"western\" lang=\"en-CA\"><span style=\"font-family: arial, helvetica, sans-serif; color: #000000;\">Nous comprenons que vous voulez dire la transcription d\u2019un fichier audio dans une autre langue. <\/span>\r\n<span style=\"font-family: arial, helvetica, sans-serif; color: #000000;\">Oui, nous le faisons. Veuillez nous faire parvenir vos fichiers audio ( info@instatranslations.ca) \u00e0 des fins d\u2019\u00e9valuation.<\/span><\/p>\r\n[\/vc_column_text][\/vc_tta_section][vc_tta_section title=\"J\u2019ai besoin que mon site soit traduit en plusieurs langues. Pouvez-vous r\u00e9pondre \u00e0 ma demande\u2009?\" tab_id=\"1539696406908-d2186260-284a\"][vc_column_text]\r\n<p class=\"western\" lang=\"en-CA\"><span style=\"font-family: arial, helvetica, sans-serif;\">Oui, nous pouvons g\u00e9rer la traduction multilingue d\u2019un site Web. Contactez notre bureau pour discuter de votre projet.<\/span><\/p>\r\n[\/vc_column_text][\/vc_tta_section][vc_tta_section title=\"J\u2019ai un document volumineux et je ne peux pas vous l\u2019envoyer par courriel ou en utilisant \u00ab\u2009Demander un devis\u2009\u00bb. Comment puis-je vous envoyer un document de grande taille\u2009?\" tab_id=\"1539696429896-1f722000-8a3d\"][vc_column_text]<span style=\"font-family: arial, helvetica, sans-serif; color: #000000;\">Il y a plusieurs solutions.\r\nSolution 1:\r\n\u00c9tape 1 : Allez sur \u00ab\u2009<a href=\"https:\/\/wetransfer.com\/\">WeTransfer\u2009<\/a>\u00bb. (C\u2019est une application tierce.) <\/span>\r\n<span style=\"font-family: arial, helvetica, sans-serif; color: #000000;\">\u00c9tape\u00a02\u00a0: T\u00e9l\u00e9chargez votre document<\/span>\r\n<span style=\"font-family: arial, helvetica, sans-serif; color: #000000;\">\u00c9tape\u00a03\u00a0: Dans le champ du destinataire, saisissez notre courriel\u00a0: info@instatranslations.ca et cliquez sur envoyer.<\/span>\r\n\r\n<span style=\"font-family: arial, helvetica, sans-serif; color: #000000;\">Solution 2:\r\nVous pouvez \u00e9galement nous envoyer vos documents par <a href=\"https:\/\/www.google.com\/drive\/\">Google Drive<\/a>, <a href=\"https:\/\/www.dropbox.com\/?landing=dbv2\">Dropbox<\/a>, etc.\r\n<\/span><span style=\"font-family: arial, helvetica, sans-serif; color: #000000;\">\r\nSolution 3: <\/span>\r\n<span style=\"font-family: arial, helvetica, sans-serif; color: #000000;\"><a href=\"https:\/\/instatranslations.ca\/fr\/contacts\/\">Contactez notre bureau<\/a> pour obtenir de l\u2019aide.<\/span>[\/vc_column_text][\/vc_tta_section][vc_tta_section title=\"Fournissez-vous aussi des services d\u2019interpr\u00e9tation\u2009? J\u2019aurais besoin d\u2019un interpr\u00e8te judiciaire pour une rencontre avec mon avocat en immigration \u00e0 Montr\u00e9al.\" tab_id=\"1539696454441-80302ff2-ab19\"][vc_column_text]\r\n<p class=\"western\" lang=\"en-CA\"><span style=\"font-family: arial, helvetica, sans-serif; color: #000000;\">Oui, nous fournissons des interpr\u00e8tes sur demande. Veuillez communiquer avec notre bureau pour en savoir plus sur les services d\u2019interpr\u00e9tation.<\/span><\/p>\r\n[\/vc_column_text][\/vc_tta_section][vc_tta_section title=\"J\u2019ai traduit mon CV du portugais au fran\u00e7ais. J\u2019aimerais qu\u2019un traducteur professionnel du portugais vers le fran\u00e7ais revoie mon travail. Pouvez-vous m\u2019aider\u2009?\" tab_id=\"1539696480095-4778f790-5a0e\"][vc_column_text]<span style=\"font-family: arial, helvetica, sans-serif; color: #000000;\">Oui, nous pouvons vous aider. Envoyez-nous une copie de votre CV original et sa traduction. Notre r\u00e9viseur professionnel portugais-fran\u00e7ais fera les corrections n\u00e9cessaires.<\/span>[\/vc_column_text][\/vc_tta_section][\/vc_tta_accordion][\/vc_column_inner][\/vc_row_inner][vc_empty_space alter_height=\"huge\" hide_on_mobile=\"\"][\/vc_column][\/vc_row]<\/div>[\/vc_column][\/vc_row]<\/p>\n<\/div>","protected":false},"excerpt":{"rendered":"<p>[vc_row equal_height=\u00a0\u00bbyes\u00a0\u00bb content_placement=\u00a0\u00bbtop\u00a0\u00bb][vc_column el_class=\u00a0\u00bbdark_link\u00a0\u00bb][\/vc_column][\/vc_row]<\/p>\n","protected":false},"author":1,"featured_media":0,"parent":0,"menu_order":0,"comment_status":"closed","ping_status":"closed","template":"","meta":{"footnotes":""},"class_list":["post-709","page","type-page","status-publish","hentry"],"yoast_head":"<!-- This site is optimized with the Yoast SEO Premium plugin v15.0 - https:\/\/yoast.com\/wordpress\/plugins\/seo\/ -->\n<title>FAQ - Services langagi\u00e8res \u00e0 Montr\u00e9al<\/title>\n<meta name=\"robots\" content=\"index, follow, max-snippet:-1, max-image-preview:large, max-video-preview:-1\" \/>\n<link rel=\"canonical\" href=\"https:\/\/instatranslations.ca\/fr\/faq\/\" \/>\n<meta property=\"og:locale\" content=\"fr_FR\" \/>\n<meta property=\"og:type\" content=\"article\" \/>\n<meta property=\"og:title\" content=\"FAQ - Services langagi\u00e8res \u00e0 Montr\u00e9al\" \/>\n<meta property=\"og:description\" content=\"[vc_row equal_height=\u00a0\u00bbyes\u00a0\u00bb content_placement=\u00a0\u00bbtop\u00a0\u00bb][vc_column el_class=\u00a0\u00bbdark_link\u00a0\u00bb][\/vc_column][\/vc_row]\" \/>\n<meta property=\"og:url\" content=\"https:\/\/instatranslations.ca\/fr\/faq\/\" \/>\n<meta property=\"og:site_name\" content=\"Services langagi\u00e8res \u00e0 Montr\u00e9al\" \/>\n<meta property=\"article:modified_time\" content=\"2019-02-21T09:06:16+00:00\" \/>\n<meta name=\"twitter:card\" content=\"summary_large_image\" \/>\n<script type=\"application\/ld+json\" class=\"yoast-schema-graph\">{\"@context\":\"https:\/\/schema.org\",\"@graph\":[{\"@type\":\"WebSite\",\"@id\":\"https:\/\/instatranslations.ca\/fr\/#website\",\"url\":\"https:\/\/instatranslations.ca\/fr\/\",\"name\":\"Services langagi\\u00e8res \\u00e0 Montr\\u00e9al\",\"description\":\"Agence de traduction \\u00e0 Montreal\",\"potentialAction\":[{\"@type\":\"SearchAction\",\"target\":\"https:\/\/instatranslations.ca\/fr\/?s={search_term_string}\",\"query-input\":\"required name=search_term_string\"}],\"inLanguage\":\"fr-FR\"},{\"@type\":\"WebPage\",\"@id\":\"https:\/\/instatranslations.ca\/fr\/faq\/#webpage\",\"url\":\"https:\/\/instatranslations.ca\/fr\/faq\/\",\"name\":\"FAQ - Services langagi\\u00e8res \\u00e0 Montr\\u00e9al\",\"isPartOf\":{\"@id\":\"https:\/\/instatranslations.ca\/fr\/#website\"},\"datePublished\":\"2018-10-16T12:47:27+00:00\",\"dateModified\":\"2019-02-21T09:06:16+00:00\",\"inLanguage\":\"fr-FR\",\"potentialAction\":[{\"@type\":\"ReadAction\",\"target\":[\"https:\/\/instatranslations.ca\/fr\/faq\/\"]}]}]}<\/script>\n<!-- \/ Yoast SEO Premium plugin. -->","_links":{"self":[{"href":"https:\/\/instatranslations.ca\/fr\/wp-json\/wp\/v2\/pages\/709","targetHints":{"allow":["GET"]}}],"collection":[{"href":"https:\/\/instatranslations.ca\/fr\/wp-json\/wp\/v2\/pages"}],"about":[{"href":"https:\/\/instatranslations.ca\/fr\/wp-json\/wp\/v2\/types\/page"}],"author":[{"embeddable":true,"href":"https:\/\/instatranslations.ca\/fr\/wp-json\/wp\/v2\/users\/1"}],"replies":[{"embeddable":true,"href":"https:\/\/instatranslations.ca\/fr\/wp-json\/wp\/v2\/comments?post=709"}],"version-history":[{"count":4,"href":"https:\/\/instatranslations.ca\/fr\/wp-json\/wp\/v2\/pages\/709\/revisions"}],"predecessor-version":[{"id":718,"href":"https:\/\/instatranslations.ca\/fr\/wp-json\/wp\/v2\/pages\/709\/revisions\/718"}],"wp:attachment":[{"href":"https:\/\/instatranslations.ca\/fr\/wp-json\/wp\/v2\/media?parent=709"}],"curies":[{"name":"wp","href":"https:\/\/api.w.org\/{rel}","templated":true}]}}