{"id":564,"date":"2017-04-26T12:17:35","date_gmt":"2017-04-26T17:17:35","guid":{"rendered":"https:\/\/instatranslations.ca\/?page_id=564"},"modified":"2020-07-07T12:24:59","modified_gmt":"2020-07-07T17:24:59","slug":"soumission","status":"publish","type":"page","link":"https:\/\/instatranslations.ca\/fr\/soumission\/","title":{"rendered":"Demande de soumission"},"content":{"rendered":"<div class=\"wpb-content-wrapper\"><p>[vc_row][vc_column]\n<div class=\"wpcf7 no-js\" id=\"wpcf7-f1058-o1\" lang=\"en-US\" dir=\"ltr\" data-wpcf7-id=\"1058\">\n<div class=\"screen-reader-response\"><p role=\"status\" aria-live=\"polite\" aria-atomic=\"true\"><\/p> <ul><\/ul><\/div>\n<form action=\"\/fr\/wp-json\/wp\/v2\/pages\/564#wpcf7-f1058-o1\" method=\"post\" class=\"wpcf7-form init\" aria-label=\"Contact form\" novalidate=\"novalidate\" data-status=\"init\">\n<fieldset class=\"hidden-fields-container\"><input type=\"hidden\" name=\"_wpcf7\" value=\"1058\" \/><input type=\"hidden\" name=\"_wpcf7_version\" value=\"6.1.5\" \/><input type=\"hidden\" name=\"_wpcf7_locale\" value=\"en_US\" \/><input type=\"hidden\" name=\"_wpcf7_unit_tag\" value=\"wpcf7-f1058-o1\" \/><input type=\"hidden\" name=\"_wpcf7_container_post\" value=\"0\" \/><input type=\"hidden\" name=\"_wpcf7_posted_data_hash\" value=\"\" \/><input type=\"hidden\" name=\"upload_dir\" value=\"tmp_uploads\" \/><input type=\"hidden\" name=\"generate_name\" value=\"04-26-26-69ee4553cc1ea\" \/><input type=\"hidden\" name=\"_wpcf7_recaptcha_response\" value=\"\" \/>\n<\/fieldset>\n<h5>Date de remise<\/h5>\n<div class=\"m50\"><span class=\"wpcf7-form-control-wrap\" data-name=\"date-324\"><input class=\"wpcf7-form-control wpcf7-date wpcf7-validates-as-date gsdate\" aria-invalid=\"false\" value=\"\" type=\"date\" name=\"date-324\" \/><\/span><\/div>\n<h5>*Joignez le(s) document(s) \u00e0 \u00e9valuer<\/h5>\n<span class=\"wpcf7-form-control-wrap\" data-name=\"upload-file-493\"><input size=\"40\" class=\"wpcf7-form-control wpcf7-drag-n-drop-file d-none\" aria-required=\"true\" aria-invalid=\"false\" type=\"file\" multiple=\"multiple\" data-name=\"upload-file-493\" data-type=\"jpg|jpeg|png|zip|odt|pdf|xls|xlsx|ods|ppt|docx|doc\" data-max=\"10\" data-id=\"1058\" accept=\".jpg, .jpeg, .png, .zip, .odt, .pdf, .xls, .xlsx, .ods, .ppt, .docx, .doc\" name=\"upload-file-493\" \/><\/span>\n\n<h5>*Description de la demande<\/h5>\n<span class=\"wpcf7-form-control-wrap\" data-name=\"menu-858\"><select class=\"wpcf7-form-control wpcf7-select\" aria-invalid=\"false\" name=\"menu-858\"><option value=\"Traduction certifi\u00e9e\">Traduction certifi\u00e9e<\/option><option value=\"Finance\/Bancaire\">Finance\/Bancaire<\/option><option value=\"Juridique\">Juridique<\/option><option value=\"Marketing\">Marketing<\/option><option value=\"M\u00e9dical\">M\u00e9dical<\/option><option value=\"R\u00e9sum\u00e9 CV etc.)\">R\u00e9sum\u00e9 CV etc.)<\/option><option value=\"Technique\">Technique<\/option><option value=\"Traduction de site Web\">Traduction de site Web<\/option><option value=\"Autre\">Autre<\/option><\/select><\/span>\n<h5>*Langue de d\u00e9part<\/h5>\n<div class=\"trx_addons_columns_wrap\">\n<div class=\"rww\"><span class=\"wpcf7-form-control-wrap\" data-name=\"menu-356\"><select class=\"wpcf7-form-control wpcf7-select wpcf7-validates-as-required\" aria-required=\"true\" aria-invalid=\"false\" name=\"menu-356\"><option value=\"\">Arabe<\/option><option value=\"Bengali\">Bengali<\/option><option value=\"Czech\">Czech<\/option><option value=\"Dari\">Dari<\/option><option value=\"N\u00e9erlandais\">N\u00e9erlandais<\/option><option value=\"Anglais\">Anglais<\/option><option value=\"Farsi (Persian)\">Farsi (Persian)<\/option><option value=\"Fran\u00e7ais\">Fran\u00e7ais<\/option><option value=\"Fran\u00e7ais (CA)\">Fran\u00e7ais (CA)<\/option><option value=\"Allemand\">Allemand<\/option><option value=\"Grec\">Grec<\/option><option value=\"Gujarati\">Gujarati<\/option><option value=\"H\u00e9breu\">H\u00e9breu<\/option><option value=\"Hindi\">Hindi<\/option><option value=\"Indon\u00e9sian\">Indon\u00e9sian<\/option><option value=\"Italien\">Italien<\/option><option value=\"Panjabi (de l&#039;Inde)\">Panjabi (de l&#039;Inde)<\/option><option value=\"Pashto (Pushto)\">Pashto (Pushto)<\/option><option value=\"Persian (Farsi)\">Persian (Farsi)<\/option><option value=\"Polonais\">Polonais<\/option><option value=\"Portuguais\">Portuguais<\/option><option value=\"Roumaine\">Roumaine<\/option><option value=\"Russe\">Russe<\/option><option value=\"Serbian\">Serbian<\/option><option value=\"Serbo-Croat\">Serbo-Croat<\/option><option value=\"Slovak\">Slovak<\/option><option value=\"Espagnol\">Espagnol<\/option><option value=\"Turc\">Turc<\/option><option value=\"Urdu (Ourdou PAK)\">Urdu (Ourdou PAK)<\/option><option value=\"Vietnamien\">Vietnamien<\/option><\/select><\/span><\/div>\n<\/div>\n<h5>*Langue d\u2019arriv\u00e9e<\/h5>\n<div class=\"trx_addons_columns_wrap\">\n <div class=\"rww\"><span class=\"wpcf7-form-control-wrap\" data-name=\"menu-970\"><select class=\"wpcf7-form-control wpcf7-select wpcf7-validates-as-required\" aria-required=\"true\" aria-invalid=\"false\" name=\"menu-970\"><option value=\"\">Arabe<\/option><option value=\"N\u00e9erlandais\">N\u00e9erlandais<\/option><option value=\"Anglais\">Anglais<\/option><option value=\"Fran\u00e7ais\">Fran\u00e7ais<\/option><option value=\"Fran\u00e7ais (CA)\">Fran\u00e7ais (CA)<\/option><option value=\"Allemand\">Allemand<\/option><option value=\"Grec\">Grec<\/option><option value=\"Hindi\">Hindi<\/option><option value=\"Italien\">Italien<\/option><option value=\"Panjabi (de l&#039;Inde)\">Panjabi (de l&#039;Inde)<\/option><option value=\"Portuguais\">Portuguais<\/option><option value=\"Russe\">Russe<\/option><option value=\"Espagnol\">Espagnol<\/option><option value=\"Turc\">Turc<\/option><option value=\"Urdu (Ourdou PAK)\">Urdu (Ourdou PAK)<\/option><\/select><\/span><\/div>\n<\/div>\n<h3>Information du demandeur<\/h3>\n<div class=\"trx_addons_columns_wrap\">\n<div class=\"trx_addons_column-1_2\"><label><span class=\"wpcf7-form-control-wrap\" data-name=\"text-699\"><input size=\"40\" maxlength=\"400\" class=\"wpcf7-form-control wpcf7-text wpcf7-validates-as-required\" aria-required=\"true\" aria-invalid=\"false\" placeholder=\"Pr\u00e9nom\" value=\"\" type=\"text\" name=\"text-699\" \/><\/span><\/label><\/div><div class=\"trx_addons_column-1_2\"><label><span class=\"wpcf7-form-control-wrap\" data-name=\"text-264\"><input size=\"40\" maxlength=\"400\" class=\"wpcf7-form-control wpcf7-text wpcf7-validates-as-required\" aria-required=\"true\" aria-invalid=\"false\" placeholder=\"Nom\" value=\"\" type=\"text\" name=\"text-264\" \/><\/span><\/label><\/div>\n<\/div>\n<div class=\"\"><label><span class=\"wpcf7-form-control-wrap\" data-name=\"text-803\"><input size=\"40\" maxlength=\"400\" class=\"wpcf7-form-control wpcf7-text\" aria-invalid=\"false\" placeholder=\"Nom de l\u2019entreprise\" value=\"\" type=\"text\" name=\"text-803\" \/><\/span><\/label><\/div>\n<div class=\"trx_addons_columns_wrap\">\n<div class=\"trx_addons_column-1_2\"><label><span class=\"wpcf7-form-control-wrap\" data-name=\"phone\"><input size=\"40\" maxlength=\"400\" class=\"wpcf7-form-control wpcf7-tel wpcf7-validates-as-required wpcf7-text wpcf7-validates-as-tel\" aria-required=\"true\" aria-invalid=\"false\" placeholder=\"T\u00e9l\u00e9phone\/WhatsApp\" value=\"\" type=\"tel\" name=\"phone\" \/><\/span><\/label><\/div><div class=\"trx_addons_column-1_2\"><label><span class=\"wpcf7-form-control-wrap\" data-name=\"email\"><input size=\"40\" maxlength=\"400\" class=\"wpcf7-form-control wpcf7-email wpcf7-validates-as-required wpcf7-text wpcf7-validates-as-email\" aria-required=\"true\" aria-invalid=\"false\" placeholder=\"Courriel\" value=\"\" type=\"email\" name=\"email\" \/><\/span><\/label><\/div>\n<span class=\"wpcf7-form-control-wrap\" data-name=\"textarea-629\"><textarea cols=\"40\" rows=\"10\" maxlength=\"2000\" class=\"wpcf7-form-control wpcf7-textarea\" aria-invalid=\"false\" placeholder=\"Exemples: Je n&#039;ai besoin que des copies numeris\u00e9es; la traduction est requise pour une demande aupres du bureau de l&#039;Immigration; autres messages \u00e0 l\u2019attention de notre \u00e9quipe\" name=\"textarea-629\"><\/textarea><\/span>\n<\/div>\n<br\/>\n<hr\/>\n<h5>Comment vous joindre\u2009?<\/h5>\n<span class=\"wpcf7-form-control-wrap\" data-name=\"radio-395\"><span class=\"wpcf7-form-control wpcf7-radio\"><span class=\"wpcf7-list-item first\"><input type=\"radio\" name=\"radio-395\" value=\"Par t\u00e9l\u00e9phone\" checked=\"checked\" \/><span class=\"wpcf7-list-item-label\">Par t\u00e9l\u00e9phone<\/span><\/span><span class=\"wpcf7-list-item last\"><input type=\"radio\" name=\"radio-395\" value=\"Non. Contactez-moi par courriel.\" \/><span class=\"wpcf7-list-item-label\">Non. Contactez-moi par courriel.<\/span><\/span><\/span><\/span>\n<input class=\"wpcf7-form-control wpcf7-submit has-spinner\" type=\"submit\" value=\"Envoyer\" \/>\n<\/div><div class=\"wpcf7-response-output\" aria-hidden=\"true\"><\/div>\n<\/form>\n<\/div>\n[\/vc_column][\/vc_row]<\/p>\n<\/div>","protected":false},"excerpt":{"rendered":"<p>[vc_row][vc_column][\/vc_column][\/vc_row]<\/p>\n","protected":false},"author":1,"featured_media":0,"parent":0,"menu_order":0,"comment_status":"closed","ping_status":"closed","template":"","meta":{"footnotes":""},"class_list":["post-564","page","type-page","status-publish","hentry"],"yoast_head":"<!-- This site is optimized with the Yoast SEO Premium plugin v15.0 - https:\/\/yoast.com\/wordpress\/plugins\/seo\/ -->\n<title>Demande de soumission - Services langagi\u00e8res \u00e0 Montr\u00e9al<\/title>\n<meta name=\"description\" content=\"Pour obtenir une soumission , pour une traduction \u00e9crite , c&#039;est tr\u00e9s simple chez nous. Cliquez et t\u00e9l\u00e9chargez vos documents rapidement sur notre site web.\" \/>\n<meta name=\"robots\" content=\"index, follow, max-snippet:-1, max-image-preview:large, max-video-preview:-1\" \/>\n<link rel=\"canonical\" href=\"https:\/\/instatranslations.ca\/fr\/soumission\/\" \/>\n<meta property=\"og:locale\" content=\"fr_FR\" \/>\n<meta property=\"og:type\" content=\"article\" \/>\n<meta property=\"og:title\" content=\"Demande de soumission - Services langagi\u00e8res \u00e0 Montr\u00e9al\" \/>\n<meta property=\"og:description\" content=\"Pour obtenir une soumission , pour une traduction \u00e9crite , c&#039;est tr\u00e9s simple chez nous. Cliquez et t\u00e9l\u00e9chargez vos documents rapidement sur notre site web.\" \/>\n<meta property=\"og:url\" content=\"https:\/\/instatranslations.ca\/fr\/soumission\/\" \/>\n<meta property=\"og:site_name\" content=\"Services langagi\u00e8res \u00e0 Montr\u00e9al\" \/>\n<meta property=\"article:modified_time\" content=\"2020-07-07T17:24:59+00:00\" \/>\n<meta name=\"twitter:card\" content=\"summary_large_image\" \/>\n<script type=\"application\/ld+json\" class=\"yoast-schema-graph\">{\"@context\":\"https:\/\/schema.org\",\"@graph\":[{\"@type\":\"WebSite\",\"@id\":\"https:\/\/instatranslations.ca\/fr\/#website\",\"url\":\"https:\/\/instatranslations.ca\/fr\/\",\"name\":\"Services langagi\\u00e8res \\u00e0 Montr\\u00e9al\",\"description\":\"Agence de traduction \\u00e0 Montreal\",\"potentialAction\":[{\"@type\":\"SearchAction\",\"target\":\"https:\/\/instatranslations.ca\/fr\/?s={search_term_string}\",\"query-input\":\"required name=search_term_string\"}],\"inLanguage\":\"fr-FR\"},{\"@type\":\"WebPage\",\"@id\":\"https:\/\/instatranslations.ca\/fr\/soumission\/#webpage\",\"url\":\"https:\/\/instatranslations.ca\/fr\/soumission\/\",\"name\":\"Demande de soumission - Services langagi\\u00e8res \\u00e0 Montr\\u00e9al\",\"isPartOf\":{\"@id\":\"https:\/\/instatranslations.ca\/fr\/#website\"},\"datePublished\":\"2017-04-26T17:17:35+00:00\",\"dateModified\":\"2020-07-07T17:24:59+00:00\",\"description\":\"Pour obtenir une soumission , pour une traduction \\u00e9crite , c'est tr\\u00e9s simple chez nous. Cliquez et t\\u00e9l\\u00e9chargez vos documents rapidement sur notre site web.\",\"inLanguage\":\"fr-FR\",\"potentialAction\":[{\"@type\":\"ReadAction\",\"target\":[\"https:\/\/instatranslations.ca\/fr\/soumission\/\"]}]}]}<\/script>\n<!-- \/ Yoast SEO Premium plugin. -->","_links":{"self":[{"href":"https:\/\/instatranslations.ca\/fr\/wp-json\/wp\/v2\/pages\/564","targetHints":{"allow":["GET"]}}],"collection":[{"href":"https:\/\/instatranslations.ca\/fr\/wp-json\/wp\/v2\/pages"}],"about":[{"href":"https:\/\/instatranslations.ca\/fr\/wp-json\/wp\/v2\/types\/page"}],"author":[{"embeddable":true,"href":"https:\/\/instatranslations.ca\/fr\/wp-json\/wp\/v2\/users\/1"}],"replies":[{"embeddable":true,"href":"https:\/\/instatranslations.ca\/fr\/wp-json\/wp\/v2\/comments?post=564"}],"version-history":[{"count":4,"href":"https:\/\/instatranslations.ca\/fr\/wp-json\/wp\/v2\/pages\/564\/revisions"}],"predecessor-version":[{"id":2430,"href":"https:\/\/instatranslations.ca\/fr\/wp-json\/wp\/v2\/pages\/564\/revisions\/2430"}],"wp:attachment":[{"href":"https:\/\/instatranslations.ca\/fr\/wp-json\/wp\/v2\/media?parent=564"}],"curies":[{"name":"wp","href":"https:\/\/api.w.org\/{rel}","templated":true}]}}