{"id":264,"date":"2017-03-13T10:33:13","date_gmt":"2017-03-13T15:33:13","guid":{"rendered":"https:\/\/instatranslations.ca\/?page_id=264"},"modified":"2020-06-09T12:38:23","modified_gmt":"2020-06-09T17:38:23","slug":"our-mission","status":"publish","type":"page","link":"https:\/\/instatranslations.ca\/fr\/our-mission\/","title":{"rendered":"Notre mission"},"content":{"rendered":"<div class=\"wpb-content-wrapper\"><p>[vc_row][vc_column][vc_empty_space alter_height=\u00a0\u00bbhuge\u00a0\u00bb hide_on_mobile=\u00a0\u00bb\u00a0\u00bb]<div  id=\"sc_promo_541704912\" \n\tclass=\"sc_promo sc_promo_default sc_promo_size_normal sc_promo_no_paddings sc_promo_image_position_right\"><div class=\"sc_promo_image\" style=\"background-image:url(https:\/\/instatranslations.ca\/fr\/wp-content\/uploads\/sites\/2\/2017\/03\/img_promo4.jpg);width:50%;right: 0;\"><\/div><div class=\"sc_promo_text\" style=\"width: 50%;float: left;\">\n\t\t\t<div class=\"sc_promo_text_inner\" style=\"\"><h6 class=\"sc_item_subtitle sc_promo_subtitle sc_align_left sc_item_title_style_default\">our mission and ethic<\/h6><h3 class=\"sc_item_title sc_promo_title sc_align_left sc_item_title_style_default\">Our High Quality Translation<\/h3><div class=\"sc_item_descr sc_promo_descr sc_align_left\">Many commercial services exist that will interpret spoken language via telephone. There is also at least one custom-built mobile device that does the same thing. The device connects users to human interpreters who can translate between English and 180 other languages.<\/div><a href=\"\/contacts\/\" id=\"sc_button_1119780676\" class=\"sc_button sc_button_default sc_button_size_normal sc_button_icon_left\"><span class=\"sc_button_text\"><span class=\"sc_button_title\">contact us<\/span><\/span><!-- \/.sc_button_text --><\/a><!-- \/.sc_button --><\/div>\n\t\t<\/div><!-- \/.sc_promo_text --><\/div><!-- \/.sc_promo -->[vc_empty_space alter_height=\u00a0\u00bbhuge\u00a0\u00bb hide_on_mobile=\u00a0\u00bb\u00a0\u00bb][\/vc_column][\/vc_row][vc_row full_width=\u00a0\u00bbstretch_row\u00a0\u00bb css=\u00a0\u00bb.vc_custom_1489400877892{background-image: url(https:\/\/instatranslations.ca\/wp-content\/uploads\/2017\/03\/bg_price.jpg?id=77) !important;background-position: center !important;background-repeat: no-repeat !important;background-size: cover !important;}\u00a0\u00bb][vc_column][vc_empty_space alter_height=\u00a0\u00bbhuge\u00a0\u00bb hide_on_mobile=\u00a0\u00bb\u00a0\u00bb][vc_empty_space alter_height=\u00a0\u00bbhuge\u00a0\u00bb hide_on_mobile=\u00a0\u00bb\u00a0\u00bb][\/vc_column][\/vc_row][vc_row][vc_column]<div class=\"sc_layouts sc_layouts_default sc_layouts_238\">[vc_row full_width=\"stretch_row\" row_delimiter=\"\" row_fixed=\"\" hide_on_tablet=\"\" hide_on_mobile=\"\" hide_on_frontpage=\"\" css=\".vc_custom_1513857089894{background: #25274d url(https:\/\/instatranslations.ca\/wp-content\/uploads\/2019\/02\/bg_serv2-compressor.jpg) !important;background-position: center !important;background-repeat: no-repeat !important;background-size: cover !important;}\"][vc_column icons_position=\"left\"][vc_empty_space alter_height=\"medium\" hide_on_mobile=\"\"][vc_row_inner row_delimiter=\"\" el_id=\"p_bar\"][vc_column_inner width=\"2\/3\" icons_position=\"left\"]<div class=\"sc_layouts_item\"><div id=\"sc_title_590245648\"\n\t\tclass=\"scheme_dark sc_title sc_title_default\"><h6 class=\"sc_item_subtitle sc_title_subtitle sc_align_left sc_item_title_style_default\">SITES WEB EN PLUSIEURS LANGUES<\/h6><h3 class=\"sc_item_title sc_title_title sc_align_left sc_item_title_style_default\">Surmontez les barri\u00e8res linguistiques avec nos solutions de traduction des sites Web<\/h3><\/div><!-- \/.sc_title --><\/div>[vc_empty_space alter_height=\"small\" hide_on_mobile=\"\"]<div class=\"sc_layouts_item\"><div class=\"sc_item_button sc_button_wrap sc_align_left\"><a href=\"\/localization\/\" id=\"sc_button_1938593258\" class=\"sc_button sc_button_default sc_button_size_normal sc_button_icon_left\"><span class=\"sc_button_text sc_align_center\"><span class=\"sc_button_title\">LIRE LA SUITE<\/span><\/span><!-- \/.sc_button_text --><\/a><!-- \/.sc_button --><\/div><!-- \/.sc_item_button --><\/div>[vc_empty_space alter_height=\"medium\" hide_on_mobile=\"\"][\/vc_column_inner][vc_column_inner width=\"1\/3\" scheme=\"dark\" icons_position=\"left\"][vc_empty_space alter_height=\"large\" hide_on_mobile=\"\"][vc_progress_bar values=\"%5B%7B%22label%22%3A%22Website%20translation%22%2C%22value%22%3A%22100%22%7D%2C%7B%22label%22%3A%22Website%20localization%22%2C%22value%22%3A%22100%22%7D%5D\" css_animation=\"none\" css=\"\" narrow=\"1\" el_class=\"procolor\"][\/vc_column_inner][\/vc_row_inner][\/vc_column][\/vc_row]<\/div>[\/vc_column][\/vc_row][vc_row full_width=\u00a0\u00bbstretch_row\u00a0\u00bb css=\u00a0\u00bb.vc_custom_1489142721152{background-image: url(https:\/\/instatranslations.ca\/wp-content\/uploads\/2017\/03\/bg_testimon.jpg?id=85) !important;background-position: center !important;background-repeat: no-repeat !important;background-size: cover !important;}\u00a0\u00bb][vc_column][vc_empty_space alter_height=\u00a0\u00bbhuge\u00a0\u00bb hide_on_mobile=\u00a0\u00bb\u00a0\u00bb][vc_row_inner][vc_column_inner width=\u00a0\u00bb5\/12&Prime;][\/vc_column_inner][vc_column_inner width=\u00a0\u00bb7\/12&Prime;][\/vc_column_inner][\/vc_row_inner][vc_empty_space alter_height=\u00a0\u00bbhuge\u00a0\u00bb hide_on_mobile=\u00a0\u00bb\u00a0\u00bb][\/vc_column][\/vc_row][vc_row][vc_column]<div class=\"sc_layouts sc_layouts_default sc_layouts_232\">[vc_row][vc_column icons_position=\"left\"][vc_empty_space alter_height=\"small\" hide_on_mobile=\"\"][vc_row_inner][vc_column_inner width=\"1\/2\" icons_position=\"left\"]<div class=\"sc_layouts_item\"><div id=\"sc_title_832696006\"\n\t\tclass=\"sc_title sc_title_default\"><h3 class=\"sc_item_title sc_title_title sc_align_center sc_item_title_style_default sc_item_title_tag\">FAQ<\/h3><\/div><!-- \/.sc_title --><\/div>[vc_empty_space hide_on_mobile=\"\"][vc_tta_accordion shape=\"round\" spacing=\"5\" c_icon=\"chevron\" active_section=\"\" no_fill=\"true\" collapsible_all=\"true\"][vc_tta_section title=\"J\u2019ai besoin de traduire RAPIDEMENT un document de l\u2019italien au fran\u00e7ais. Pouvez-vous le faire\u2009?\" tab_id=\"1489160919613-b0f7009c-a3f5\"][vc_column_text]\r\n<p class=\"western\" lang=\"en-CA\"><span style=\"font-family: arial, helvetica, sans-serif; color: #000000;\">Oui, nous fournissons des services de traduction \u00ab\u2009Express\u2009\u00bb et \u00ab\u2009Instant\u2009\u00bb. Notre d\u00e9lai habituel de traduction est de trois jours ouvrables. Visitez notre page d\u2019accueil, puis naviguez \u00e0 la rubrique \u00ab\u2009Nos tarifs\u2009\u00bb pour en savoir plus sur nos forfaits. <\/span><\/p>\r\n[\/vc_column_text][\/vc_tta_section][vc_tta_section title=\"Faites-vous les traductions certifi\u00e9es de l\u2019arabe vers le fran\u00e7ais\u2009?\" tab_id=\"1489160919665-29741178-d2f6\"][vc_column_text]\r\n<p class=\"western\" lang=\"en-CA\"><span style=\"font-family: arial, helvetica, sans-serif; color: #000000;\">Oui, nous offrons des traductions certifi\u00e9es de vos documents personnels \u00e9mis dans plusieurs langues \u00e9trang\u00e8res.* <\/span><\/p>\r\n[\/vc_column_text][\/vc_tta_section][vc_tta_section title=\"Pouvez-vous fournir des traductions notari\u00e9es de l\u2019espagnol vers l\u2019anglais\u2009?\" tab_id=\"1489161034621-39670e10-08be\"][vc_column_text]\r\n<p class=\"western\"><span style=\"color: #000000;\">Oui, nous le faisons. Nous fournissons des traductions notari\u00e9es de vos documents personnels \u00e9mis dans n\u2019importe quelle langue \u00e9trang\u00e8re.* <\/span><\/p>\r\n[\/vc_column_text][\/vc_tta_section][vc_tta_section title=\"Faites-vous les traductions certifi\u00e9es aux fins de demandes de r\u00e9sidence permanente au Canada\u2009?\" tab_id=\"1620739907410-d3402e39-cb7e\"][vc_column_text]<span style=\"font-size: 10pt; color: #000000;\"><span style=\"font-family: arial, helvetica, sans-serif;\">Oui, nous d\u00e9livrons les traductions certifi\u00e9es aux fins de demandes de r\u00e9sidence permanente. Nos traductions sont conformes aux renseignements importants transmis par IRCC sur le site <\/span><a style=\"color: #000000;\" href=\"https:\/\/www.canada.ca\/fr\/services\/immigration-citoyennete.html\"><span style=\"font-family: arial, helvetica, sans-serif;\">canada.ca.<\/span> <\/a><\/span>[\/vc_column_text][\/vc_tta_section][\/vc_tta_accordion]<div class=\"sc_layouts_item\"><div class=\"sc_item_button sc_button_wrap sc_align_right\"><a href=\"https:\/\/instatranslations.ca\/fr\/faq\/\" id=\"sc_button_1982564595\" class=\"sc_button sc_button_default sc_button_size_normal sc_button_icon_left\"><span class=\"sc_button_text\"><span class=\"sc_button_title\">LIRE LA SUITE<\/span><\/span><!-- \/.sc_button_text --><\/a><!-- \/.sc_button --><\/div><!-- \/.sc_item_button --><\/div>[\/vc_column_inner][vc_column_inner width=\"1\/2\" icons_position=\"left\"]<div class=\"sc_layouts_item\"><div id=\"sc_title_1383937000\"\n\t\tclass=\"sc_title sc_title_default\"><h6 class=\"sc_item_subtitle sc_title_subtitle sc_align_center sc_item_title_style_default\">NOS TRADUCTEURS<\/h6><h4 class=\"sc_item_title sc_title_title sc_align_center sc_item_title_style_default sc_item_title_tag\">DE LANGUE MATERNELLE<\/h4><\/div><!-- \/.sc_title --><\/div>[vc_empty_space alter_height=\"large\" hide_on_mobile=\"\"]<div style=\"width:;\" class=\"cqtooltip-wrapper \" data-opacity=\"1\" data-tooltipanimation=\"grow\" data-tooltipstyle=\"light\" data-trigger=\"\" data-maxwidth=\"320\" data-marginoffset=\"\" data-isdisplayall=\"off\" data-displayednum=\"1\"><img decoding=\"async\" src=\"https:\/\/instatranslations.ca\/fr\/wp-content\/uploads\/sites\/2\/2017\/03\/img_hotspot.png\" alt=\"\" \/><div class=\"cq-hotspots\"><div class=\"hotspot-item  \" style=\"top:38%;left:62%;\" data-top=\"38%\" data-left=\"62%\"><a href=\"#\" class=\"cq-tooltip\" style=\"background-color:;\" data-iconbg=\"\" data-tooltip=\"DARI , PASHTO, FARSI(Persian)\" data-arrowposition=\"\"><span style=\"background:#222446;\"><\/span><\/a><\/div><div class=\"hotspot-item  \" style=\"top:43%;left:69%;\" data-top=\"43%\" data-left=\"69%\"><a href=\"#\" class=\"cq-tooltip\" style=\"background-color:;\" data-iconbg=\"\" data-tooltip=\"BENGALI\" data-arrowposition=\"top\"><span style=\"background:#222446;\"><\/span><\/a><\/div><div class=\"hotspot-item  \" style=\"top:63%;left:30%;\" data-top=\"63%\" data-left=\"30%\"><a href=\"#\" class=\"cq-tooltip\" style=\"background-color:;\" data-iconbg=\"\" data-tooltip=\"&lt;p class=&quot;mhead&quot;&gt;PORTUGESE&lt;\/p&gt;\r\nVARIANTS: BRAZIL, PORTUGAL\" data-arrowposition=\"top\"><span style=\"background:#222446;\"><\/span><\/a><\/div><div class=\"hotspot-item  \" style=\"top:30%;left:82%;\" data-top=\"30%\" data-left=\"82%\"><a href=\"#\" class=\"cq-tooltip\" style=\"background-color:;\" data-iconbg=\"\" data-tooltip=\"CHINESE TRADITIONAL\r\nCHINESE SIMPLIFIED\" data-arrowposition=\"top\"><span style=\"background:#222446;\"><\/span><\/a><\/div><div class=\"hotspot-item  \" style=\"top:19%;left:15%;\" data-top=\"19%\" data-left=\"15%\"><a href=\"#\" class=\"cq-tooltip\" style=\"background-color:;\" data-iconbg=\"\" data-tooltip=\"ENGLISH (US, CA, UK)\r\nFRENCH ( CA)\" data-arrowposition=\"top\"><span style=\"background:#222446;\"><\/span><\/a><\/div><div class=\"hotspot-item  \" style=\"top:28%;left:45%;\" data-top=\"28%\" data-left=\"45%\"><a href=\"#\" class=\"cq-tooltip\" style=\"background-color:;\" data-iconbg=\"\" data-tooltip=\"DUTCH\" data-arrowposition=\"top\"><span style=\"background:#222446;\"><\/span><\/a><\/div><div class=\"hotspot-item  \" style=\"top:34%;left:44%;\" data-top=\"34%\" data-left=\"44%\"><a href=\"#\" class=\"cq-tooltip\" style=\"background-color:;\" data-iconbg=\"\" data-tooltip=\"FRENCH FR\" data-arrowposition=\"top\"><span style=\"background:#222446;\"><\/span><\/a><\/div><div class=\"hotspot-item  \" style=\"top:47%;left:66%;\" data-top=\"47%\" data-left=\"66%\"><a href=\"#\" class=\"cq-tooltip\" style=\"background-color:;\" data-iconbg=\"\" data-tooltip=\"&lt;p class=&quot;mhead&quot;&gt;HINDI&lt;\/p&gt;\r\nOTHER SUPPORTED LANGUAGES: GUJARATI,PUNJABI , TAMIL , URDU\" data-arrowposition=\"top\"><span style=\"background:#222446;\"><\/span><\/a><\/div><div class=\"hotspot-item  \" style=\"top:44%;left:63%;\" data-top=\"44%\" data-left=\"63%\"><a href=\"#\" class=\"cq-tooltip\" style=\"background-color:;\" data-iconbg=\"\" data-tooltip=\"&lt;p class=&quot;mhead&quot;&gt;URDU&lt;\/p&gt;\r\nOTHER SUPPORTED LANGUAGES: PUNJABI, PUSHTO,\" data-arrowposition=\"top\"><span style=\"background:#222446;\"><\/span><\/a><\/div><div class=\"hotspot-item  \" style=\"top:32%;left:47%;\" data-top=\"32%\" data-left=\"47%\"><a href=\"#\" class=\"cq-tooltip\" style=\"background-color:;\" data-iconbg=\"\" data-tooltip=\"&lt;p class=&quot;mhead&quot;&gt;SPANISH&lt;\/p&gt;\r\nVARIANTS: MEXICO, COLOMBIA, SPAIN, ARGENTINA, PERU, VENEZUELA, CUBA\" data-arrowposition=\"top\"><span style=\"background:#222446;\"><\/span><\/a><\/div><div class=\"hotspot-item  \" style=\"top:46%;left:53%;\" data-top=\"46%\" data-left=\"53%\"><a href=\"#\" class=\"cq-tooltip\" style=\"background-color:;\" data-iconbg=\"\" data-tooltip=\"&lt;p class=&quot;mhead&quot;&gt;ARABIC&lt;\/p&gt;\r\nVARIANTS: ALGERIA , TUNISIA , MOROCCO, SAUDI ARABIA , SYRIA, UAE\" data-arrowposition=\"top\"><span style=\"background:#222446;\"><\/span><\/a><\/div><div class=\"hotspot-item  \" style=\"top:17%;left:73%;\" data-top=\"17%\" data-left=\"73%\"><a href=\"#\" class=\"cq-tooltip\" style=\"background-color:;\" data-iconbg=\"\" data-tooltip=\"RUSSIAN\" data-arrowposition=\"top\"><span style=\"background:#222446;\"><\/span><\/a><\/div><div class=\"hotspot-item  \" style=\"top:25%;left:49%;\" data-top=\"25%\" data-left=\"49%\"><a href=\"#\" class=\"cq-tooltip\" style=\"background-color:;\" data-iconbg=\"\" data-tooltip=\"GERMAN\" data-arrowposition=\"top\"><span style=\"background:#222446;\"><\/span><\/a><\/div><div class=\"hotspot-item  \" style=\"top:77%;left:28%;\" data-top=\"77%\" data-left=\"28%\"><a href=\"#\" class=\"cq-tooltip\" style=\"background-color:;\" data-iconbg=\"\" data-tooltip=\"&lt;span data-story-id=&quot;story_e2ee13dfbf046efb6dc30f264cb03180&quot; data-room-id=&quot;room_f9bdf507b13b6f1c382cf2b123797485&quot; data-timestamp=&quot;1544484710280&quot; data-text=&quot;Argentina, Bolivia, Chile, Colombia, Costa Rica, Cuba, Dominican Republic, Ecuador, Equatorial Guinea, El Salvador, Guatemala, Honduras, Mexico, Nicaragua, Panama, Paraguay, Puerto Rico, Uruguay, and Venezuela.&quot; data-userid=&quot;792731518470463488&quot; data-orgid=&quot;792731518870257664&quot;&gt;Argentina, Bolivia, Chile, Colombia, Costa Rica, Cuba, Dominican Republic, Ecuador, Equatorial Guinea, El Salvador, Guatemala, Honduras, Mexico, Nicaragua, Panama, Paraguay, Puerto Rico, Uruguay, and Venezuela.&lt;\/span&gt;\" data-arrowposition=\"top\"><span style=\"background:#222446;\"><\/span><\/a><\/div><div class=\"hotspot-item  \" style=\"top:37%;left:82%;\" data-top=\"37%\" data-left=\"82%\"><a href=\"#\" class=\"cq-tooltip\" style=\"background-color:;\" data-iconbg=\"\" data-tooltip=\"JAPANESE\" data-arrowposition=\"top\"><span style=\"background:#222446;\"><\/span><\/a><\/div><div class=\"hotspot-item  \" style=\"top:50%;left:76%;\" data-top=\"50%\" data-left=\"76%\"><a href=\"#\" class=\"cq-tooltip\" style=\"background-color:;\" data-iconbg=\"\" data-tooltip=\"VIETNAMESE\" data-arrowposition=\"top\"><span style=\"background:#222446;\"><\/span><\/a><\/div><div class=\"hotspot-item  \" style=\"top:62%;left:76%;\" data-top=\"62%\" data-left=\"76%\"><a href=\"#\" class=\"cq-tooltip\" style=\"background-color:;\" data-iconbg=\"\" data-tooltip=\"&lt;p class=&quot;mhead&quot;&gt;INDONESIAN&lt;\/p&gt;\r\n(Bahasa Indonesia)\" data-arrowposition=\"top\"><span style=\"background:#222446;\"><\/span><\/a><\/div><\/div><\/div>[\/vc_column_inner][\/vc_row_inner][vc_empty_space alter_height=\"huge\" hide_on_mobile=\"\"][\/vc_column][\/vc_row]<\/div>[\/vc_column][\/vc_row]<\/p>\n<\/div>","protected":false},"excerpt":{"rendered":"<p>[vc_row][vc_column][vc_empty_space alter_height=\u00a0\u00bbhuge\u00a0\u00bb hide_on_mobile=\u00a0\u00bb\u00a0\u00bb][vc_empty_space alter_height=\u00a0\u00bbhuge\u00a0\u00bb hide_on_mobile=\u00a0\u00bb\u00a0\u00bb][\/vc_column][\/vc_row][vc_row full_width=\u00a0\u00bbstretch_row\u00a0\u00bb css=\u00a0\u00bb.vc_custom_1489400877892{background-image: url(https:\/\/instatranslations.ca\/wp-content\/uploads\/2017\/03\/bg_price.jpg?id=77) !important;background-position: center !important;background-repeat: no-repeat !important;background-size: cover !important;}\u00a0\u00bb][vc_column][vc_empty_space alter_height=\u00a0\u00bbhuge\u00a0\u00bb hide_on_mobile=\u00a0\u00bb\u00a0\u00bb][vc_empty_space alter_height=\u00a0\u00bbhuge\u00a0\u00bb hide_on_mobile=\u00a0\u00bb\u00a0\u00bb][\/vc_column][\/vc_row][vc_row][vc_column][\/vc_column][\/vc_row][vc_row full_width=\u00a0\u00bbstretch_row\u00a0\u00bb css=\u00a0\u00bb.vc_custom_1489142721152{background-image: url(https:\/\/instatranslations.ca\/wp-content\/uploads\/2017\/03\/bg_testimon.jpg?id=85) !important;background-position: center !important;background-repeat: no-repeat !important;background-size: cover !important;}\u00a0\u00bb][vc_column][vc_empty_space alter_height=\u00a0\u00bbhuge\u00a0\u00bb hide_on_mobile=\u00a0\u00bb\u00a0\u00bb][vc_row_inner][vc_column_inner width=\u00a0\u00bb5\/12&Prime;][\/vc_column_inner][vc_column_inner width=\u00a0\u00bb7\/12&Prime;][\/vc_column_inner][\/vc_row_inner][vc_empty_space alter_height=\u00a0\u00bbhuge\u00a0\u00bb hide_on_mobile=\u00a0\u00bb\u00a0\u00bb][\/vc_column][\/vc_row][vc_row][vc_column][\/vc_column][\/vc_row]<\/p>\n","protected":false},"author":1,"featured_media":0,"parent":0,"menu_order":0,"comment_status":"closed","ping_status":"closed","template":"","meta":{"footnotes":""},"class_list":["post-264","page","type-page","status-publish","hentry"],"yoast_head":"<!-- This site is optimized with the Yoast SEO Premium plugin v15.0 - https:\/\/yoast.com\/wordpress\/plugins\/seo\/ -->\n<title>Notre mission - Services langagi\u00e8res \u00e0 Montr\u00e9al<\/title>\n<meta name=\"robots\" content=\"index, follow, max-snippet:-1, max-image-preview:large, max-video-preview:-1\" \/>\n<link rel=\"canonical\" href=\"https:\/\/instatranslations.ca\/fr\/our-mission\/\" \/>\n<meta property=\"og:locale\" content=\"fr_FR\" \/>\n<meta property=\"og:type\" content=\"article\" \/>\n<meta property=\"og:title\" content=\"Notre mission - Services langagi\u00e8res \u00e0 Montr\u00e9al\" \/>\n<meta property=\"og:description\" content=\"[vc_row][vc_column][vc_empty_space alter_height=\u00a0\u00bbhuge\u00a0\u00bb hide_on_mobile=\u00a0\u00bb\u00a0\u00bb][vc_empty_space alter_height=\u00a0\u00bbhuge\u00a0\u00bb hide_on_mobile=\u00a0\u00bb\u00a0\u00bb][\/vc_column][\/vc_row][vc_row full_width=\u00a0\u00bbstretch_row\u00a0\u00bb css=\u00a0\u00bb.vc_custom_1489400877892{background-image: url(https:\/\/instatranslations.ca\/wp-content\/uploads\/2017\/03\/bg_price.jpg?id=77) !important;background-position: center !important;background-repeat: no-repeat !important;background-size: cover !important;}\u00a0\u00bb][vc_column][vc_empty_space alter_height=\u00a0\u00bbhuge\u00a0\u00bb hide_on_mobile=\u00a0\u00bb\u00a0\u00bb][vc_empty_space alter_height=\u00a0\u00bbhuge\u00a0\u00bb hide_on_mobile=\u00a0\u00bb\u00a0\u00bb][\/vc_column][\/vc_row][vc_row][vc_column][\/vc_column][\/vc_row][vc_row full_width=\u00a0\u00bbstretch_row\u00a0\u00bb css=\u00a0\u00bb.vc_custom_1489142721152{background-image: url(https:\/\/instatranslations.ca\/wp-content\/uploads\/2017\/03\/bg_testimon.jpg?id=85) !important;background-position: center !important;background-repeat: no-repeat !important;background-size: cover !important;}\u00a0\u00bb][vc_column][vc_empty_space alter_height=\u00a0\u00bbhuge\u00a0\u00bb hide_on_mobile=\u00a0\u00bb\u00a0\u00bb][vc_row_inner][vc_column_inner width=\u00a0\u00bb5\/12&Prime;][\/vc_column_inner][vc_column_inner width=\u00a0\u00bb7\/12&Prime;][\/vc_column_inner][\/vc_row_inner][vc_empty_space alter_height=\u00a0\u00bbhuge\u00a0\u00bb hide_on_mobile=\u00a0\u00bb\u00a0\u00bb][\/vc_column][\/vc_row][vc_row][vc_column][\/vc_column][\/vc_row]\" \/>\n<meta property=\"og:url\" content=\"https:\/\/instatranslations.ca\/fr\/our-mission\/\" \/>\n<meta property=\"og:site_name\" content=\"Services langagi\u00e8res \u00e0 Montr\u00e9al\" \/>\n<meta property=\"article:modified_time\" content=\"2020-06-09T17:38:23+00:00\" \/>\n<meta name=\"twitter:card\" content=\"summary_large_image\" \/>\n<script type=\"application\/ld+json\" class=\"yoast-schema-graph\">{\"@context\":\"https:\/\/schema.org\",\"@graph\":[{\"@type\":\"WebSite\",\"@id\":\"https:\/\/instatranslations.ca\/fr\/#website\",\"url\":\"https:\/\/instatranslations.ca\/fr\/\",\"name\":\"Services langagi\\u00e8res \\u00e0 Montr\\u00e9al\",\"description\":\"Agence de traduction \\u00e0 Montreal\",\"potentialAction\":[{\"@type\":\"SearchAction\",\"target\":\"https:\/\/instatranslations.ca\/fr\/?s={search_term_string}\",\"query-input\":\"required name=search_term_string\"}],\"inLanguage\":\"fr-FR\"},{\"@type\":\"WebPage\",\"@id\":\"https:\/\/instatranslations.ca\/fr\/our-mission\/#webpage\",\"url\":\"https:\/\/instatranslations.ca\/fr\/our-mission\/\",\"name\":\"Notre mission - Services langagi\\u00e8res \\u00e0 Montr\\u00e9al\",\"isPartOf\":{\"@id\":\"https:\/\/instatranslations.ca\/fr\/#website\"},\"datePublished\":\"2017-03-13T15:33:13+00:00\",\"dateModified\":\"2020-06-09T17:38:23+00:00\",\"inLanguage\":\"fr-FR\",\"potentialAction\":[{\"@type\":\"ReadAction\",\"target\":[\"https:\/\/instatranslations.ca\/fr\/our-mission\/\"]}]}]}<\/script>\n<!-- \/ Yoast SEO Premium plugin. -->","_links":{"self":[{"href":"https:\/\/instatranslations.ca\/fr\/wp-json\/wp\/v2\/pages\/264","targetHints":{"allow":["GET"]}}],"collection":[{"href":"https:\/\/instatranslations.ca\/fr\/wp-json\/wp\/v2\/pages"}],"about":[{"href":"https:\/\/instatranslations.ca\/fr\/wp-json\/wp\/v2\/types\/page"}],"author":[{"embeddable":true,"href":"https:\/\/instatranslations.ca\/fr\/wp-json\/wp\/v2\/users\/1"}],"replies":[{"embeddable":true,"href":"https:\/\/instatranslations.ca\/fr\/wp-json\/wp\/v2\/comments?post=264"}],"version-history":[{"count":1,"href":"https:\/\/instatranslations.ca\/fr\/wp-json\/wp\/v2\/pages\/264\/revisions"}],"predecessor-version":[{"id":2452,"href":"https:\/\/instatranslations.ca\/fr\/wp-json\/wp\/v2\/pages\/264\/revisions\/2452"}],"wp:attachment":[{"href":"https:\/\/instatranslations.ca\/fr\/wp-json\/wp\/v2\/media?parent=264"}],"curies":[{"name":"wp","href":"https:\/\/api.w.org\/{rel}","templated":true}]}}