{"id":188,"date":"2017-03-10T14:46:12","date_gmt":"2017-03-10T19:46:12","guid":{"rendered":"https:\/\/instatranslations.ca\/?page_id=188"},"modified":"2025-04-03T13:11:19","modified_gmt":"2025-04-03T18:11:19","slug":"contacts","status":"publish","type":"page","link":"https:\/\/instatranslations.ca\/fr\/contacts\/","title":{"rendered":"Nous joindre"},"content":{"rendered":"<div class=\"wpb-content-wrapper\"><p>[vc_row][vc_column][vc_empty_space alter_height=\u00a0\u00bbhuge\u00a0\u00bb hide_on_mobile=\u00a0\u00bb\u00a0\u00bb][\/vc_column][\/vc_row][vc_row equal_height=\u00a0\u00bbyes\u00a0\u00bb content_placement=\u00a0\u00bbtop\u00a0\u00bb][vc_column width=\u00a0\u00bb5\/12&Prime; el_class=\u00a0\u00bbdark_link\u00a0\u00bb]<div id=\"sc_title_1430834896\"\n\t\tclass=\"sc_title sc_title_default\"><h4 class=\"sc_item_title sc_title_title sc_align_left sc_item_title_style_default sc_item_title_tag\">Nos coordonn\u00e9es<\/h4><\/div><!-- \/.sc_title -->[vc_column_text]<\/p>\n<div><big><span class=\"trx_addons_accent\"><label>Adresse:<\/label><\/span><\/big><\/div>\n<div><span style=\"font-family: arial, helvetica, sans-serif; font-size: 12pt;\">416 Rue Jean-Talon Ouest<\/span><br \/>\n<span style=\"font-family: arial, helvetica, sans-serif; font-size: 12pt;\">Suite 106,\u00a0Montr\u00e9al, QC H3N 1R2<\/span><\/div>\n<p>[\/vc_column_text][vc_empty_space height=\u00a0\u00bb1.5em\u00a0\u00bb alter_height=\u00a0\u00bbnone\u00a0\u00bb hide_on_mobile=\u00a0\u00bb\u00a0\u00bb][vc_column_text]<\/p>\n<div><big><span class=\"trx_addons_accent\"><label>T\u00e9l\u00e9phone:<\/label><\/span><\/big><\/div>\n<div><span style=\"font-size: 12pt; font-family: arial, helvetica, sans-serif; color: #000000;\"><a style=\"color: #000000;\" href=\"tel:0(800)123456789\">(514) 565-3600<\/a><\/span><\/div>\n<p>[\/vc_column_text][vc_empty_space height=\u00a0\u00bb1.5em\u00a0\u00bb alter_height=\u00a0\u00bbnone\u00a0\u00bb hide_on_mobile=\u00a0\u00bb\u00a0\u00bb][vc_column_text]<\/p>\n<div><big><span class=\"trx_addons_accent\"><label>Courriel:<\/label><\/span><\/big><\/div>\n<div><span style=\"font-size: 12pt; font-family: arial, helvetica, sans-serif; color: #000000;\"><a style=\"color: #000000;\" href=\"mailto:info@instatranslations.com\">info@instatranslations.ca<\/a><\/span><\/div>\n<div><\/div>\n<p>[\/vc_column_text][vc_empty_space height=\u00a0\u00bb1.5em\u00a0\u00bb alter_height=\u00a0\u00bbnone\u00a0\u00bb hide_on_mobile=\u00a0\u00bb\u00a0\u00bb]<div id=\"widget_socials_421769132\" class=\"widget_area sc_widget_socials vc_widget_socials wpb_content_element\"><aside id=\"widget_socials_421769132_widget\" class=\"widget widget_socials\"><div class=\"socials_wrap sc_align_left\"><span class=\"social_item\"><a href=\"https:\/\/www.facebook.com\/instatranslation\/?modal=admin_todo_tour\" target=\"_blank\" class=\"social_icons social_facebook\"><span class=\"trx_addons_icon-facebook\"><\/span><\/a><\/span><\/div><\/aside><\/div>[\/vc_column][vc_column width=\u00a0\u00bb7\/12&Prime;]<div id=\"sc_title_712532917\"\n\t\tclass=\"sc_title sc_title_default\"><h4 class=\"sc_item_title sc_title_title sc_align_left sc_item_title_style_default sc_item_title_tag\">Contactez notre \u00e9quipe<\/h4><\/div><!-- \/.sc_title -->\n<div class=\"wpcf7 no-js\" id=\"wpcf7-f681-o1\" lang=\"en-US\" dir=\"ltr\" data-wpcf7-id=\"681\">\n<div class=\"screen-reader-response\"><p role=\"status\" aria-live=\"polite\" aria-atomic=\"true\"><\/p> <ul><\/ul><\/div>\n<form action=\"\/fr\/wp-json\/wp\/v2\/pages\/188#wpcf7-f681-o1\" method=\"post\" class=\"wpcf7-form init\" aria-label=\"Contact form\" novalidate=\"novalidate\" data-status=\"init\">\n<fieldset class=\"hidden-fields-container\"><input type=\"hidden\" name=\"_wpcf7\" value=\"681\" \/><input type=\"hidden\" name=\"_wpcf7_version\" value=\"6.1.5\" \/><input type=\"hidden\" name=\"_wpcf7_locale\" value=\"en_US\" \/><input type=\"hidden\" name=\"_wpcf7_unit_tag\" value=\"wpcf7-f681-o1\" \/><input type=\"hidden\" name=\"_wpcf7_container_post\" value=\"0\" \/><input type=\"hidden\" name=\"_wpcf7_posted_data_hash\" value=\"\" \/><input type=\"hidden\" name=\"upload_dir\" value=\"tmp_uploads\" \/><input type=\"hidden\" name=\"generate_name\" value=\"04-26-26-69ee5bce52375\" \/><input type=\"hidden\" name=\"_wpcf7_recaptcha_response\" value=\"\" \/>\n<\/fieldset>\n<div class=\"trx_addons_columns_wrap\">\n<div class=\"trx_addons_column-1_2\"><label><span class=\"wpcf7-form-control-wrap\" data-name=\"fname\"><input size=\"40\" maxlength=\"400\" class=\"wpcf7-form-control wpcf7-text wpcf7-validates-as-required\" aria-required=\"true\" aria-invalid=\"false\" placeholder=\"Nom\" value=\"\" type=\"text\" name=\"fname\" \/><\/span><\/label><\/div>\n<div class=\"trx_addons_column-1_2\"><label><span class=\"wpcf7-form-control-wrap\" data-name=\"email-285\"><input size=\"40\" maxlength=\"400\" class=\"wpcf7-form-control wpcf7-email wpcf7-validates-as-required wpcf7-text wpcf7-validates-as-email\" aria-required=\"true\" aria-invalid=\"false\" placeholder=\"Courriel\" value=\"\" type=\"email\" name=\"email-285\" \/><\/span><\/label><\/div>\n<\/div>\n<div><label><span class=\"wpcf7-form-control-wrap\" data-name=\"phone\"><input size=\"40\" maxlength=\"400\" class=\"wpcf7-form-control wpcf7-text\" aria-invalid=\"false\" placeholder=\"Objet\" value=\"\" type=\"text\" name=\"phone\" \/><\/span><\/label><\/div><div><label><span class=\"wpcf7-form-control-wrap\" data-name=\"notes\"><textarea cols=\"40\" rows=\"10\" maxlength=\"2000\" class=\"wpcf7-form-control wpcf7-textarea\" aria-invalid=\"false\" placeholder=\"Saisissez votre message\" name=\"notes\"><\/textarea><\/span><\/label><\/div>\n\n<input class=\"wpcf7-form-control wpcf7-submit has-spinner\" type=\"submit\" value=\"Envoyez\" \/><div class=\"wpcf7-response-output\" aria-hidden=\"true\"><\/div>\n<\/form>\n<\/div>\n[\/vc_column][\/vc_row][vc_row][vc_column][vc_empty_space alter_height=\u00a0\u00bbhuge\u00a0\u00bb hide_on_mobile=\u00a0\u00bb\u00a0\u00bb][\/vc_column][\/vc_row][vc_row][vc_column][vc_gmaps link=\u00a0\u00bb#E-8_JTNDaWZyYW1lJTIwc3JjJTNEJTIyaHR0cHMlM0ElMkYlMkZ3d3cuZ29vZ2xlLmNvbSUyRm1hcHMlMkZlbWJlZCUzRnBiJTNEJTIxMW0xOCUyMTFtMTIlMjExbTMlMjExZDMzMjMuODYzMjQ3MTU5ODc5JTIxMmQtNzMuNjI2NTczODgxODc4NTMlMjEzZDQ1LjUyOTcwODcxNDcxMjA5JTIxMm0zJTIxMWYwJTIxMmYwJTIxM2YwJTIxM20yJTIxMWkxMDI0JTIxMmk3NjglMjE0ZjEzLjElMjEzbTMlMjExbTIlMjExczB4NGNjOTE5MGMxNzRlZGJhMyUyNTNBMHhkMjBkM2JiMzg3OTQ3YjI0JTIxMnM0MTYlMkJSdWUlMkJKZWFuLVRhbG9uJTJCT3Vlc3QlMjUyQyUyQk1vbnRyZWFsJTI1MkMlMkJRQyUyQkgzTiUyQjFSMiUyMTVlMCUyMTNtMiUyMTFzZW4lMjEyc2NhJTIxNHYxNTUwMDgwOTIwNjg0JTIyJTIwd2lkdGglM0QlMjIxMDAlMjUlMjIlMjBoZWlnaHQlM0QlMjI0NTAlMjIlMjBmcmFtZWJvcmRlciUzRCUyMjAlMjIlMjBzdHlsZSUzRCUyMmJvcmRlciUzQTAlMjIlMjBhbGxvd2Z1bGxzY3JlZW4lM0UlM0MlMkZpZnJhbWUlM0U=\u00a0\u00bb size=\u00a0\u00bb\u00a0\u00bb title=\u00a0\u00bbTrouvez-nous sur le Google Maps\u00a0\u00bb][\/vc_column][\/vc_row][vc_row][vc_column][vc_column_text][\/vc_column_text][\/vc_column][\/vc_row]<\/p>\n<\/div>","protected":false},"excerpt":{"rendered":"<p>[vc_row][vc_column][vc_empty_space alter_height=\u00a0\u00bbhuge\u00a0\u00bb hide_on_mobile=\u00a0\u00bb\u00a0\u00bb][\/vc_column][\/vc_row][vc_row equal_height=\u00a0\u00bbyes\u00a0\u00bb content_placement=\u00a0\u00bbtop\u00a0\u00bb][vc_column width=\u00a0\u00bb5\/12&Prime; el_class=\u00a0\u00bbdark_link\u00a0\u00bb][vc_column_text] Adresse: 416 Rue Jean-Talon Ouest Suite 106,\u00a0Montr\u00e9al, QC H3N 1R2 [\/vc_column_text][vc_empty_space height=\u00a0\u00bb1.5em\u00a0\u00bb alter_height=\u00a0\u00bbnone\u00a0\u00bb hide_on_mobile=\u00a0\u00bb\u00a0\u00bb][vc_column_text] T\u00e9l\u00e9phone: (514) 565-3600 [\/vc_column_text][vc_empty_space height=\u00a0\u00bb1.5em\u00a0\u00bb alter_height=\u00a0\u00bbnone\u00a0\u00bb hide_on_mobile=\u00a0\u00bb\u00a0\u00bb][vc_column_text] Courriel: info@instatranslations.ca [\/vc_column_text][vc_empty_space height=\u00a0\u00bb1.5em\u00a0\u00bb alter_height=\u00a0\u00bbnone\u00a0\u00bb hide_on_mobile=\u00a0\u00bb\u00a0\u00bb][\/vc_column][vc_column width=\u00a0\u00bb7\/12&Prime;][\/vc_column][\/vc_row][vc_row][vc_column][vc_empty_space alter_height=\u00a0\u00bbhuge\u00a0\u00bb hide_on_mobile=\u00a0\u00bb\u00a0\u00bb][\/vc_column][\/vc_row][vc_row][vc_column][vc_gmaps link=\u00a0\u00bb#E-8_JTNDaWZyYW1lJTIwc3JjJTNEJTIyaHR0cHMlM0ElMkYlMkZ3d3cuZ29vZ2xlLmNvbSUyRm1hcHMlMkZlbWJlZCUzRnBiJTNEJTIxMW0xOCUyMTFtMTIlMjExbTMlMjExZDMzMjMuODYzMjQ3MTU5ODc5JTIxMmQtNzMuNjI2NTczODgxODc4NTMlMjEzZDQ1LjUyOTcwODcxNDcxMjA5JTIxMm0zJTIxMWYwJTIxMmYwJTIxM2YwJTIxM20yJTIxMWkxMDI0JTIxMmk3NjglMjE0ZjEzLjElMjEzbTMlMjExbTIlMjExczB4NGNjOTE5MGMxNzRlZGJhMyUyNTNBMHhkMjBkM2JiMzg3OTQ3YjI0JTIxMnM0MTYlMkJSdWUlMkJKZWFuLVRhbG9uJTJCT3Vlc3QlMjUyQyUyQk1vbnRyZWFsJTI1MkMlMkJRQyUyQkgzTiUyQjFSMiUyMTVlMCUyMTNtMiUyMTFzZW4lMjEyc2NhJTIxNHYxNTUwMDgwOTIwNjg0JTIyJTIwd2lkdGglM0QlMjIxMDAlMjUlMjIlMjBoZWlnaHQlM0QlMjI0NTAlMjIlMjBmcmFtZWJvcmRlciUzRCUyMjAlMjIlMjBzdHlsZSUzRCUyMmJvcmRlciUzQTAlMjIlMjBhbGxvd2Z1bGxzY3JlZW4lM0UlM0MlMkZpZnJhbWUlM0U=\u00a0\u00bb size=\u00a0\u00bb\u00a0\u00bb title=\u00a0\u00bbTrouvez-nous sur le Google Maps\u00a0\u00bb][\/vc_column][\/vc_row][vc_row][vc_column][vc_column_text][\/vc_column_text][\/vc_column][\/vc_row]<\/p>\n","protected":false},"author":1,"featured_media":0,"parent":0,"menu_order":0,"comment_status":"closed","ping_status":"closed","template":"","meta":{"footnotes":""},"class_list":["post-188","page","type-page","status-publish","hentry"],"yoast_head":"<!-- This site is optimized with the Yoast SEO Premium plugin v15.0 - https:\/\/yoast.com\/wordpress\/plugins\/seo\/ -->\n<title>Nous joindre - Services langagi\u00e8res \u00e0 Montr\u00e9al<\/title>\n<meta name=\"robots\" content=\"index, follow, max-snippet:-1, max-image-preview:large, max-video-preview:-1\" \/>\n<link rel=\"canonical\" href=\"https:\/\/instatranslations.ca\/fr\/contacts\/\" \/>\n<meta property=\"og:locale\" content=\"fr_FR\" \/>\n<meta property=\"og:type\" content=\"article\" \/>\n<meta property=\"og:title\" content=\"Nous joindre - Services langagi\u00e8res \u00e0 Montr\u00e9al\" \/>\n<meta property=\"og:description\" content=\"[vc_row][vc_column][vc_empty_space alter_height=\u00a0\u00bbhuge\u00a0\u00bb hide_on_mobile=\u00a0\u00bb\u00a0\u00bb][\/vc_column][\/vc_row][vc_row equal_height=\u00a0\u00bbyes\u00a0\u00bb content_placement=\u00a0\u00bbtop\u00a0\u00bb][vc_column width=\u00a0\u00bb5\/12&Prime; el_class=\u00a0\u00bbdark_link\u00a0\u00bb][vc_column_text] Adresse: 416 Rue Jean-Talon Ouest Suite 106,\u00a0Montr\u00e9al, QC H3N 1R2 [\/vc_column_text][vc_empty_space height=\u00a0\u00bb1.5em\u00a0\u00bb alter_height=\u00a0\u00bbnone\u00a0\u00bb hide_on_mobile=\u00a0\u00bb\u00a0\u00bb][vc_column_text] T\u00e9l\u00e9phone: (514) 565-3600 [\/vc_column_text][vc_empty_space height=\u00a0\u00bb1.5em\u00a0\u00bb alter_height=\u00a0\u00bbnone\u00a0\u00bb hide_on_mobile=\u00a0\u00bb\u00a0\u00bb][vc_column_text] Courriel: info@instatranslations.ca [\/vc_column_text][vc_empty_space height=\u00a0\u00bb1.5em\u00a0\u00bb alter_height=\u00a0\u00bbnone\u00a0\u00bb hide_on_mobile=\u00a0\u00bb\u00a0\u00bb][\/vc_column][vc_column width=\u00a0\u00bb7\/12&Prime;][\/vc_column][\/vc_row][vc_row][vc_column][vc_empty_space alter_height=\u00a0\u00bbhuge\u00a0\u00bb hide_on_mobile=\u00a0\u00bb\u00a0\u00bb][\/vc_column][\/vc_row][vc_row][vc_column][vc_gmaps link=\u00a0\u00bb#E-8_JTNDaWZyYW1lJTIwc3JjJTNEJTIyaHR0cHMlM0ElMkYlMkZ3d3cuZ29vZ2xlLmNvbSUyRm1hcHMlMkZlbWJlZCUzRnBiJTNEJTIxMW0xOCUyMTFtMTIlMjExbTMlMjExZDMzMjMuODYzMjQ3MTU5ODc5JTIxMmQtNzMuNjI2NTczODgxODc4NTMlMjEzZDQ1LjUyOTcwODcxNDcxMjA5JTIxMm0zJTIxMWYwJTIxMmYwJTIxM2YwJTIxM20yJTIxMWkxMDI0JTIxMmk3NjglMjE0ZjEzLjElMjEzbTMlMjExbTIlMjExczB4NGNjOTE5MGMxNzRlZGJhMyUyNTNBMHhkMjBkM2JiMzg3OTQ3YjI0JTIxMnM0MTYlMkJSdWUlMkJKZWFuLVRhbG9uJTJCT3Vlc3QlMjUyQyUyQk1vbnRyZWFsJTI1MkMlMkJRQyUyQkgzTiUyQjFSMiUyMTVlMCUyMTNtMiUyMTFzZW4lMjEyc2NhJTIxNHYxNTUwMDgwOTIwNjg0JTIyJTIwd2lkdGglM0QlMjIxMDAlMjUlMjIlMjBoZWlnaHQlM0QlMjI0NTAlMjIlMjBmcmFtZWJvcmRlciUzRCUyMjAlMjIlMjBzdHlsZSUzRCUyMmJvcmRlciUzQTAlMjIlMjBhbGxvd2Z1bGxzY3JlZW4lM0UlM0MlMkZpZnJhbWUlM0U=\u00a0\u00bb size=\u00a0\u00bb\u00a0\u00bb title=\u00a0\u00bbTrouvez-nous sur le Google Maps\u00a0\u00bb][\/vc_column][\/vc_row][vc_row][vc_column][vc_column_text][\/vc_column_text][\/vc_column][\/vc_row]\" \/>\n<meta property=\"og:url\" content=\"https:\/\/instatranslations.ca\/fr\/contacts\/\" \/>\n<meta property=\"og:site_name\" content=\"Services langagi\u00e8res \u00e0 Montr\u00e9al\" \/>\n<meta property=\"article:modified_time\" content=\"2025-04-03T18:11:19+00:00\" \/>\n<meta name=\"twitter:card\" content=\"summary_large_image\" \/>\n<script type=\"application\/ld+json\" class=\"yoast-schema-graph\">{\"@context\":\"https:\/\/schema.org\",\"@graph\":[{\"@type\":\"WebSite\",\"@id\":\"https:\/\/instatranslations.ca\/fr\/#website\",\"url\":\"https:\/\/instatranslations.ca\/fr\/\",\"name\":\"Services langagi\\u00e8res \\u00e0 Montr\\u00e9al\",\"description\":\"Agence de traduction \\u00e0 Montreal\",\"potentialAction\":[{\"@type\":\"SearchAction\",\"target\":\"https:\/\/instatranslations.ca\/fr\/?s={search_term_string}\",\"query-input\":\"required name=search_term_string\"}],\"inLanguage\":\"fr-FR\"},{\"@type\":\"WebPage\",\"@id\":\"https:\/\/instatranslations.ca\/fr\/contacts\/#webpage\",\"url\":\"https:\/\/instatranslations.ca\/fr\/contacts\/\",\"name\":\"Nous joindre - Services langagi\\u00e8res \\u00e0 Montr\\u00e9al\",\"isPartOf\":{\"@id\":\"https:\/\/instatranslations.ca\/fr\/#website\"},\"datePublished\":\"2017-03-10T19:46:12+00:00\",\"dateModified\":\"2025-04-03T18:11:19+00:00\",\"inLanguage\":\"fr-FR\",\"potentialAction\":[{\"@type\":\"ReadAction\",\"target\":[\"https:\/\/instatranslations.ca\/fr\/contacts\/\"]}]}]}<\/script>\n<!-- \/ Yoast SEO Premium plugin. -->","_links":{"self":[{"href":"https:\/\/instatranslations.ca\/fr\/wp-json\/wp\/v2\/pages\/188","targetHints":{"allow":["GET"]}}],"collection":[{"href":"https:\/\/instatranslations.ca\/fr\/wp-json\/wp\/v2\/pages"}],"about":[{"href":"https:\/\/instatranslations.ca\/fr\/wp-json\/wp\/v2\/types\/page"}],"author":[{"embeddable":true,"href":"https:\/\/instatranslations.ca\/fr\/wp-json\/wp\/v2\/users\/1"}],"replies":[{"embeddable":true,"href":"https:\/\/instatranslations.ca\/fr\/wp-json\/wp\/v2\/comments?post=188"}],"version-history":[{"count":12,"href":"https:\/\/instatranslations.ca\/fr\/wp-json\/wp\/v2\/pages\/188\/revisions"}],"predecessor-version":[{"id":980,"href":"https:\/\/instatranslations.ca\/fr\/wp-json\/wp\/v2\/pages\/188\/revisions\/980"}],"wp:attachment":[{"href":"https:\/\/instatranslations.ca\/fr\/wp-json\/wp\/v2\/media?parent=188"}],"curies":[{"name":"wp","href":"https:\/\/api.w.org\/{rel}","templated":true}]}}